{"id":7,"date":"2023-02-05T18:47:43","date_gmt":"2023-02-05T17:47:43","guid":{"rendered":"http:\/\/prettypalma.fr\/?page_id=7"},"modified":"2023-04-03T21:14:33","modified_gmt":"2023-04-03T19:14:33","slug":"le-nouveau-e-mucem-ouvre-ses-portes-2","status":"publish","type":"page","link":"https:\/\/prettypalma.fr\/","title":{"rendered":"Accueil"},"content":{"rendered":"\t\t<div data-elementor-type=\"wp-page\" data-elementor-id=\"7\" class=\"elementor elementor-7\">\n\t\t\t\t\t\t<section class=\"elementor-section elementor-top-section elementor-element elementor-element-18555f elementor-section-boxed elementor-section-height-default elementor-section-height-default\" data-id=\"18555f\" data-element_type=\"section\" data-e-type=\"section\">\n\t\t\t\t\t\t<div class=\"elementor-container elementor-column-gap-default\">\n\t\t\t\t\t<div class=\"elementor-column elementor-col-100 elementor-top-column elementor-element elementor-element-2ec5f775\" data-id=\"2ec5f775\" data-element_type=\"column\" data-e-type=\"column\">\n\t\t\t<div class=\"elementor-widget-wrap elementor-element-populated\">\n\t\t\t\t\t\t<div class=\"elementor-element elementor-element-78076ad5 elementor-widget elementor-widget-text-editor\" data-id=\"78076ad5\" data-element_type=\"widget\" data-e-type=\"widget\" data-widget_type=\"text-editor.default\">\n\t\t\t\t<div class=\"elementor-widget-container\">\n\t\t\t\t\t\t\t\t\t\n<p><\/p>\n\n\n\n<figure class=\"wp-block-gallery alignwide has-nested-images columns-default is-cropped wp-block-gallery-2 is-layout-flex wp-block-gallery-is-layout-flex\"><\/figure>\n\t\t\t\t\t\t\t\t<\/div>\n\t\t\t\t<\/div>\n\t\t\t\t\t<\/div>\n\t\t<\/div>\n\t\t\t\t\t<\/div>\n\t\t<\/section>\n\t\t\t\t<section class=\"elementor-section elementor-top-section elementor-element elementor-element-2e9bde0 elementor-section-boxed elementor-section-height-default elementor-section-height-default\" data-id=\"2e9bde0\" data-element_type=\"section\" data-e-type=\"section\">\n\t\t\t\t\t\t<div class=\"elementor-container elementor-column-gap-default\">\n\t\t\t\t\t<div class=\"elementor-column elementor-col-100 elementor-top-column elementor-element elementor-element-feb3b65\" data-id=\"feb3b65\" data-element_type=\"column\" data-e-type=\"column\">\n\t\t\t<div class=\"elementor-widget-wrap elementor-element-populated\">\n\t\t\t\t\t\t<div class=\"elementor-element elementor-element-13f22bb elementor-widget elementor-widget-heading\" data-id=\"13f22bb\" data-element_type=\"widget\" data-e-type=\"widget\" data-widget_type=\"heading.default\">\n\t\t\t\t<div class=\"elementor-widget-container\">\n\t\t\t\t\t<h2 class=\"elementor-heading-title elementor-size-default\">Bienvenue chez Pretty Palma, LA box de loisir cr\u00e9atif !<\/h2>\t\t\t\t<\/div>\n\t\t\t\t<\/div>\n\t\t\t\t\t<\/div>\n\t\t<\/div>\n\t\t\t\t\t<\/div>\n\t\t<\/section>\n\t\t\t\t<section class=\"elementor-section elementor-top-section elementor-element elementor-element-f7d5dc6 elementor-section-boxed elementor-section-height-default elementor-section-height-default\" data-id=\"f7d5dc6\" data-element_type=\"section\" data-e-type=\"section\">\n\t\t\t\t\t\t<div class=\"elementor-container elementor-column-gap-default\">\n\t\t\t\t\t<div class=\"elementor-column elementor-col-100 elementor-top-column elementor-element elementor-element-17dabfc\" data-id=\"17dabfc\" data-element_type=\"column\" data-e-type=\"column\">\n\t\t\t<div class=\"elementor-widget-wrap elementor-element-populated\">\n\t\t\t\t\t\t<div class=\"elementor-element elementor-element-995030d elementor-widget elementor-widget-text-editor\" data-id=\"995030d\" data-element_type=\"widget\" data-e-type=\"widget\" data-widget_type=\"text-editor.default\">\n\t\t\t\t<div class=\"elementor-widget-container\">\n\t\t\t\t\t\t\t\t\t<p>Abonnez vous et recevez chaque mois un kit d&#8217;un troph\u00e9e ou statue animaux en papier \u00e0 monter soi m\u00eame.<\/p>\t\t\t\t\t\t\t\t<\/div>\n\t\t\t\t<\/div>\n\t\t\t\t\t<\/div>\n\t\t<\/div>\n\t\t\t\t\t<\/div>\n\t\t<\/section>\n\t\t\t\t<section class=\"elementor-section elementor-top-section elementor-element elementor-element-9bb213c elementor-section-boxed elementor-section-height-default elementor-section-height-default\" data-id=\"9bb213c\" data-element_type=\"section\" data-e-type=\"section\">\n\t\t\t\t\t\t<div class=\"elementor-container elementor-column-gap-default\">\n\t\t\t\t\t<div class=\"elementor-column elementor-col-100 elementor-top-column elementor-element elementor-element-4293027\" data-id=\"4293027\" data-element_type=\"column\" data-e-type=\"column\">\n\t\t\t<div class=\"elementor-widget-wrap elementor-element-populated\">\n\t\t\t\t\t\t<div class=\"elementor-element elementor-element-840fad6 elementor-widget elementor-widget-image\" data-id=\"840fad6\" data-element_type=\"widget\" data-e-type=\"widget\" data-widget_type=\"image.default\">\n\t\t\t\t<div class=\"elementor-widget-container\">\n\t\t\t\t\t\t\t\t\t\t\t\t\t\t\t<img fetchpriority=\"high\" decoding=\"async\" width=\"459\" height=\"540\" src=\"https:\/\/prettypalma.fr\/wp-content\/uploads\/2023\/04\/telechargement-5.png\" class=\"attachment-large size-large wp-image-90\" alt=\"\" srcset=\"https:\/\/prettypalma.fr\/wp-content\/uploads\/2023\/04\/telechargement-5.png 459w, https:\/\/prettypalma.fr\/wp-content\/uploads\/2023\/04\/telechargement-5-255x300.png 255w\" sizes=\"(max-width: 459px) 100vw, 459px\" \/>\t\t\t\t\t\t\t\t\t\t\t\t\t\t\t<\/div>\n\t\t\t\t<\/div>\n\t\t\t\t\t<\/div>\n\t\t<\/div>\n\t\t\t\t\t<\/div>\n\t\t<\/section>\n\t\t\t\t<\/div>\n\t\t","protected":false},"excerpt":{"rendered":"<p>Bienvenue chez Pretty Palma, LA box de loisir cr\u00e9atif ! Abonnez vous et recevez chaque mois un kit d&#8217;un troph\u00e9e ou statue animaux en papier \u00e0 monter soi m\u00eame.<\/p>\n","protected":false},"author":1,"featured_media":0,"parent":0,"menu_order":0,"comment_status":"closed","ping_status":"closed","template":"","meta":{"ocean_post_layout":"","ocean_both_sidebars_style":"","ocean_both_sidebars_content_width":0,"ocean_both_sidebars_sidebars_width":0,"ocean_sidebar":"0","ocean_second_sidebar":"0","ocean_disable_margins":"enable","ocean_add_body_class":"","ocean_shortcode_before_top_bar":"","ocean_shortcode_after_top_bar":"","ocean_shortcode_before_header":"","ocean_shortcode_after_header":"","ocean_has_shortcode":"","ocean_shortcode_after_title":"","ocean_shortcode_before_footer_widgets":"","ocean_shortcode_after_footer_widgets":"","ocean_shortcode_before_footer_bottom":"","ocean_shortcode_after_footer_bottom":"","ocean_display_top_bar":"default","ocean_display_header":"default","ocean_header_style":"","ocean_center_header_left_menu":"0","ocean_custom_header_template":"0","ocean_custom_logo":0,"ocean_custom_retina_logo":0,"ocean_custom_logo_max_width":0,"ocean_custom_logo_tablet_max_width":0,"ocean_custom_logo_mobile_max_width":0,"ocean_custom_logo_max_height":0,"ocean_custom_logo_tablet_max_height":0,"ocean_custom_logo_mobile_max_height":0,"ocean_header_custom_menu":"0","ocean_menu_typo_font_family":"0","ocean_menu_typo_font_subset":"","ocean_menu_typo_font_size":0,"ocean_menu_typo_font_size_tablet":0,"ocean_menu_typo_font_size_mobile":0,"ocean_menu_typo_font_size_unit":"px","ocean_menu_typo_font_weight":"","ocean_menu_typo_font_weight_tablet":"","ocean_menu_typo_font_weight_mobile":"","ocean_menu_typo_transform":"","ocean_menu_typo_transform_tablet":"","ocean_menu_typo_transform_mobile":"","ocean_menu_typo_line_height":0,"ocean_menu_typo_line_height_tablet":0,"ocean_menu_typo_line_height_mobile":0,"ocean_menu_typo_line_height_unit":"","ocean_menu_typo_spacing":0,"ocean_menu_typo_spacing_tablet":0,"ocean_menu_typo_spacing_mobile":0,"ocean_menu_typo_spacing_unit":"","ocean_menu_link_color":"","ocean_menu_link_color_hover":"","ocean_menu_link_color_active":"","ocean_menu_link_background":"","ocean_menu_link_hover_background":"","ocean_menu_link_active_background":"","ocean_menu_social_links_bg":"","ocean_menu_social_hover_links_bg":"","ocean_menu_social_links_color":"","ocean_menu_social_hover_links_color":"","ocean_disable_title":"default","ocean_disable_heading":"default","ocean_post_title":"","ocean_post_subheading":"","ocean_post_title_style":"","ocean_post_title_background_color":"","ocean_post_title_background":0,"ocean_post_title_bg_image_position":"","ocean_post_title_bg_image_attachment":"","ocean_post_title_bg_image_repeat":"","ocean_post_title_bg_image_size":"","ocean_post_title_height":0,"ocean_post_title_bg_overlay":0.5,"ocean_post_title_bg_overlay_color":"","ocean_disable_breadcrumbs":"default","ocean_breadcrumbs_color":"","ocean_breadcrumbs_separator_color":"","ocean_breadcrumbs_links_color":"","ocean_breadcrumbs_links_hover_color":"","ocean_display_footer_widgets":"default","ocean_display_footer_bottom":"default","ocean_custom_footer_template":"0","footnotes":""},"class_list":["post-7","page","type-page","status-publish","hentry","entry","owp-thumbs-layout-horizontal","owp-btn-normal","owp-tabs-layout-horizontal","has-no-thumbnails","has-product-nav"],"yoast_head":"<!-- This site is optimized with the Yoast SEO plugin v27.3 - https:\/\/yoast.com\/product\/yoast-seo-wordpress\/ -->\n<title>Accueil - WordPress<\/title>\n<meta name=\"robots\" content=\"index, follow, max-snippet:-1, max-image-preview:large, max-video-preview:-1\" \/>\n<link rel=\"canonical\" href=\"https:\/\/prettypalma.fr\/\" \/>\n<meta property=\"og:locale\" content=\"en_US\" \/>\n<meta property=\"og:type\" content=\"article\" \/>\n<meta property=\"og:title\" content=\"Accueil - WordPress\" \/>\n<meta property=\"og:description\" content=\"Bienvenue chez Pretty Palma, LA box de loisir cr\u00e9atif ! Abonnez vous et recevez chaque mois un kit d&#8217;un troph\u00e9e ou statue animaux en papier \u00e0 monter soi m\u00eame.\" \/>\n<meta property=\"og:url\" content=\"https:\/\/prettypalma.fr\/\" \/>\n<meta property=\"og:site_name\" content=\"WordPress\" \/>\n<meta property=\"article:modified_time\" content=\"2023-04-03T19:14:33+00:00\" \/>\n<meta property=\"og:image\" content=\"http:\/\/prettypalma.fr\/wp-content\/uploads\/2023\/04\/telechargement-5.png\" \/>\n<meta name=\"twitter:card\" content=\"summary_large_image\" \/>\n<meta name=\"twitter:label1\" content=\"Est. reading time\" \/>\n\t<meta name=\"twitter:data1\" content=\"1 minute\" \/>\n<script type=\"application\/ld+json\" class=\"yoast-schema-graph\">{\"@context\":\"https:\\\/\\\/schema.org\",\"@graph\":[{\"@type\":\"WebPage\",\"@id\":\"https:\\\/\\\/prettypalma.fr\\\/\",\"url\":\"https:\\\/\\\/prettypalma.fr\\\/\",\"name\":\"Accueil - WordPress\",\"isPartOf\":{\"@id\":\"https:\\\/\\\/prettypalma.fr\\\/#website\"},\"primaryImageOfPage\":{\"@id\":\"https:\\\/\\\/prettypalma.fr\\\/#primaryimage\"},\"image\":{\"@id\":\"https:\\\/\\\/prettypalma.fr\\\/#primaryimage\"},\"thumbnailUrl\":\"http:\\\/\\\/prettypalma.fr\\\/wp-content\\\/uploads\\\/2023\\\/04\\\/telechargement-5.png\",\"datePublished\":\"2023-02-05T17:47:43+00:00\",\"dateModified\":\"2023-04-03T19:14:33+00:00\",\"breadcrumb\":{\"@id\":\"https:\\\/\\\/prettypalma.fr\\\/#breadcrumb\"},\"inLanguage\":\"en-US\",\"potentialAction\":[{\"@type\":\"ReadAction\",\"target\":[\"https:\\\/\\\/prettypalma.fr\\\/\"]}]},{\"@type\":\"ImageObject\",\"inLanguage\":\"en-US\",\"@id\":\"https:\\\/\\\/prettypalma.fr\\\/#primaryimage\",\"url\":\"https:\\\/\\\/prettypalma.fr\\\/wp-content\\\/uploads\\\/2023\\\/04\\\/telechargement-5.png\",\"contentUrl\":\"https:\\\/\\\/prettypalma.fr\\\/wp-content\\\/uploads\\\/2023\\\/04\\\/telechargement-5.png\",\"width\":459,\"height\":540},{\"@type\":\"BreadcrumbList\",\"@id\":\"https:\\\/\\\/prettypalma.fr\\\/#breadcrumb\",\"itemListElement\":[{\"@type\":\"ListItem\",\"position\":1,\"name\":\"Accueil\",\"item\":\"https:\\\/\\\/prettypalma.fr\\\/\"},{\"@type\":\"ListItem\",\"position\":2,\"name\":\"Accueil\"}]},{\"@type\":\"WebSite\",\"@id\":\"https:\\\/\\\/prettypalma.fr\\\/#website\",\"url\":\"https:\\\/\\\/prettypalma.fr\\\/\",\"name\":\"WordPress\",\"description\":\"Un site utilisant WordPress\",\"potentialAction\":[{\"@type\":\"SearchAction\",\"target\":{\"@type\":\"EntryPoint\",\"urlTemplate\":\"https:\\\/\\\/prettypalma.fr\\\/?s={search_term_string}\"},\"query-input\":{\"@type\":\"PropertyValueSpecification\",\"valueRequired\":true,\"valueName\":\"search_term_string\"}}],\"inLanguage\":\"en-US\"}]}<\/script>\n<!-- \/ Yoast SEO plugin. -->","yoast_head_json":{"title":"Accueil - WordPress","robots":{"index":"index","follow":"follow","max-snippet":"max-snippet:-1","max-image-preview":"max-image-preview:large","max-video-preview":"max-video-preview:-1"},"canonical":"https:\/\/prettypalma.fr\/","og_locale":"en_US","og_type":"article","og_title":"Accueil - WordPress","og_description":"Bienvenue chez Pretty Palma, LA box de loisir cr\u00e9atif ! Abonnez vous et recevez chaque mois un kit d&#8217;un troph\u00e9e ou statue animaux en papier \u00e0 monter soi m\u00eame.","og_url":"https:\/\/prettypalma.fr\/","og_site_name":"WordPress","article_modified_time":"2023-04-03T19:14:33+00:00","og_image":[{"url":"http:\/\/prettypalma.fr\/wp-content\/uploads\/2023\/04\/telechargement-5.png","type":"","width":"","height":""}],"twitter_card":"summary_large_image","twitter_misc":{"Est. reading time":"1 minute"},"schema":{"@context":"https:\/\/schema.org","@graph":[{"@type":"WebPage","@id":"https:\/\/prettypalma.fr\/","url":"https:\/\/prettypalma.fr\/","name":"Accueil - WordPress","isPartOf":{"@id":"https:\/\/prettypalma.fr\/#website"},"primaryImageOfPage":{"@id":"https:\/\/prettypalma.fr\/#primaryimage"},"image":{"@id":"https:\/\/prettypalma.fr\/#primaryimage"},"thumbnailUrl":"http:\/\/prettypalma.fr\/wp-content\/uploads\/2023\/04\/telechargement-5.png","datePublished":"2023-02-05T17:47:43+00:00","dateModified":"2023-04-03T19:14:33+00:00","breadcrumb":{"@id":"https:\/\/prettypalma.fr\/#breadcrumb"},"inLanguage":"en-US","potentialAction":[{"@type":"ReadAction","target":["https:\/\/prettypalma.fr\/"]}]},{"@type":"ImageObject","inLanguage":"en-US","@id":"https:\/\/prettypalma.fr\/#primaryimage","url":"https:\/\/prettypalma.fr\/wp-content\/uploads\/2023\/04\/telechargement-5.png","contentUrl":"https:\/\/prettypalma.fr\/wp-content\/uploads\/2023\/04\/telechargement-5.png","width":459,"height":540},{"@type":"BreadcrumbList","@id":"https:\/\/prettypalma.fr\/#breadcrumb","itemListElement":[{"@type":"ListItem","position":1,"name":"Accueil","item":"https:\/\/prettypalma.fr\/"},{"@type":"ListItem","position":2,"name":"Accueil"}]},{"@type":"WebSite","@id":"https:\/\/prettypalma.fr\/#website","url":"https:\/\/prettypalma.fr\/","name":"WordPress","description":"Un site utilisant WordPress","potentialAction":[{"@type":"SearchAction","target":{"@type":"EntryPoint","urlTemplate":"https:\/\/prettypalma.fr\/?s={search_term_string}"},"query-input":{"@type":"PropertyValueSpecification","valueRequired":true,"valueName":"search_term_string"}}],"inLanguage":"en-US"}]}},"_links":{"self":[{"href":"https:\/\/prettypalma.fr\/index.php\/wp-json\/wp\/v2\/pages\/7","targetHints":{"allow":["GET"]}}],"collection":[{"href":"https:\/\/prettypalma.fr\/index.php\/wp-json\/wp\/v2\/pages"}],"about":[{"href":"https:\/\/prettypalma.fr\/index.php\/wp-json\/wp\/v2\/types\/page"}],"author":[{"embeddable":true,"href":"https:\/\/prettypalma.fr\/index.php\/wp-json\/wp\/v2\/users\/1"}],"replies":[{"embeddable":true,"href":"https:\/\/prettypalma.fr\/index.php\/wp-json\/wp\/v2\/comments?post=7"}],"version-history":[{"count":8,"href":"https:\/\/prettypalma.fr\/index.php\/wp-json\/wp\/v2\/pages\/7\/revisions"}],"predecessor-version":[{"id":101,"href":"https:\/\/prettypalma.fr\/index.php\/wp-json\/wp\/v2\/pages\/7\/revisions\/101"}],"wp:attachment":[{"href":"https:\/\/prettypalma.fr\/index.php\/wp-json\/wp\/v2\/media?parent=7"}],"curies":[{"name":"wp","href":"https:\/\/api.w.org\/{rel}","templated":true}]}}