{"id":85,"date":"2023-02-08T20:52:37","date_gmt":"2023-02-08T19:52:37","guid":{"rendered":"http:\/\/prettypalma.fr\/?post_type=product&#038;p=85"},"modified":"2023-02-08T20:52:38","modified_gmt":"2023-02-08T19:52:38","slug":"createur-en-herbe","status":"publish","type":"product","link":"https:\/\/prettypalma.fr\/index.php\/produit\/createur-en-herbe\/","title":{"rendered":"Cr\u00e9ateur en herbe"},"content":{"rendered":"<p style=\"text-align: center;\"><strong>Abonnez vous pour 1 mois et tester notre box DIY !<\/strong><\/p>\n<p>Elle contient un kit avec un troph\u00e9e ou une statut animal en papier \u00e0 assembler soi m\u00eame.<\/p>\n<p style=\"text-align: center;\">C&#8217;est une surprise chaque mois \ud83d\ude09<\/p>\n<p>A l&#8217;int\u00e9rieur vous trouverez :<\/p>\n<ul>\n<li>les pi\u00e8ces d&#8217;assemblages en papier 160gr pr\u00e9 d\u00e9coup\u00e9es et pr\u00e9 pli\u00e9es<\/li>\n<li>un rouleau de scotch adh\u00e9sif double face<\/li>\n<li>une notice d&#8217;utilisation<\/li>\n<\/ul>\n<p style=\"text-align: center;\"><em>Les couleurs du kit sont choisies par nos soins au plus juste !<\/em><\/p>\n<p>Si vous souhaitez commander un de nos kit d\u00e9j\u00e0 sorti rendez vous sur la page &#8220;boutique&#8221;.<\/p>\n<p style=\"text-align: center;\">Vous pourrez choisir la couleur de votre animal.<\/p>\n<p>Toutes les commandes pass\u00e9es avant le 25 du mois en cours sont exp\u00e9di\u00e9es le 1er du mois suivant.<\/p>\n<p>Le reglement peux s&#8217;effectuer par Paypal, carte bancaire, virement bancaire ou ch\u00e8que.<\/p>\n<p>Si vous ne souhaitez pas r\u00e9gler la commande en totalit\u00e9 et \u00e9taler les paiements vous pouvez payer en 4X sans frais par Paypal ou nous envoyer un ch\u00e8que pour chaque mois \u00e0 l&#8217;adresse qui s&#8217;affichera lorsque vous choisirez paiement par ch\u00e8que.<\/p>\n","protected":false},"excerpt":{"rendered":"<p>Abonnement 1 mois<\/p>\n","protected":false},"featured_media":0,"comment_status":"open","ping_status":"closed","template":"","meta":{"ocean_post_layout":"","ocean_both_sidebars_style":"","ocean_both_sidebars_content_width":0,"ocean_both_sidebars_sidebars_width":0,"ocean_sidebar":"","ocean_second_sidebar":"","ocean_disable_margins":"enable","ocean_add_body_class":"","ocean_shortcode_before_top_bar":"","ocean_shortcode_after_top_bar":"","ocean_shortcode_before_header":"","ocean_shortcode_after_header":"","ocean_has_shortcode":"","ocean_shortcode_after_title":"","ocean_shortcode_before_footer_widgets":"","ocean_shortcode_after_footer_widgets":"","ocean_shortcode_before_footer_bottom":"","ocean_shortcode_after_footer_bottom":"","ocean_display_top_bar":"default","ocean_display_header":"default","ocean_header_style":"","ocean_center_header_left_menu":"","ocean_custom_header_template":"","ocean_custom_logo":0,"ocean_custom_retina_logo":0,"ocean_custom_logo_max_width":0,"ocean_custom_logo_tablet_max_width":0,"ocean_custom_logo_mobile_max_width":0,"ocean_custom_logo_max_height":0,"ocean_custom_logo_tablet_max_height":0,"ocean_custom_logo_mobile_max_height":0,"ocean_header_custom_menu":"","ocean_menu_typo_font_family":"","ocean_menu_typo_font_subset":"","ocean_menu_typo_font_size":0,"ocean_menu_typo_font_size_tablet":0,"ocean_menu_typo_font_size_mobile":0,"ocean_menu_typo_font_size_unit":"px","ocean_menu_typo_font_weight":"","ocean_menu_typo_font_weight_tablet":"","ocean_menu_typo_font_weight_mobile":"","ocean_menu_typo_transform":"","ocean_menu_typo_transform_tablet":"","ocean_menu_typo_transform_mobile":"","ocean_menu_typo_line_height":0,"ocean_menu_typo_line_height_tablet":0,"ocean_menu_typo_line_height_mobile":0,"ocean_menu_typo_line_height_unit":"","ocean_menu_typo_spacing":0,"ocean_menu_typo_spacing_tablet":0,"ocean_menu_typo_spacing_mobile":0,"ocean_menu_typo_spacing_unit":"","ocean_menu_link_color":"","ocean_menu_link_color_hover":"","ocean_menu_link_color_active":"","ocean_menu_link_background":"","ocean_menu_link_hover_background":"","ocean_menu_link_active_background":"","ocean_menu_social_links_bg":"","ocean_menu_social_hover_links_bg":"","ocean_menu_social_links_color":"","ocean_menu_social_hover_links_color":"","ocean_disable_title":"default","ocean_disable_heading":"default","ocean_post_title":"","ocean_post_subheading":"","ocean_post_title_style":"","ocean_post_title_background_color":"","ocean_post_title_background":0,"ocean_post_title_bg_image_position":"","ocean_post_title_bg_image_attachment":"","ocean_post_title_bg_image_repeat":"","ocean_post_title_bg_image_size":"","ocean_post_title_height":0,"ocean_post_title_bg_overlay":0.5,"ocean_post_title_bg_overlay_color":"","ocean_disable_breadcrumbs":"default","ocean_breadcrumbs_color":"","ocean_breadcrumbs_separator_color":"","ocean_breadcrumbs_links_color":"","ocean_breadcrumbs_links_hover_color":"","ocean_display_footer_widgets":"default","ocean_display_footer_bottom":"default","ocean_custom_footer_template":""},"product_brand":[],"product_cat":[19],"product_tag":[],"class_list":{"0":"post-85","1":"product","2":"type-product","3":"status-publish","5":"product_cat-non-classe","7":"entry","9":"first","10":"instock","11":"taxable","12":"shipping-taxable","13":"purchasable","14":"product-type-simple","15":"has-product-nav","16":"col","17":"span_1_of_3","18":"owp-content-center","19":"owp-thumbs-layout-horizontal","20":"owp-btn-normal","21":"owp-tabs-layout-horizontal","22":"has-no-thumbnails"},"yoast_head":"<!-- This site is optimized with the Yoast SEO plugin v27.3 - https:\/\/yoast.com\/product\/yoast-seo-wordpress\/ -->\n<title>Cr\u00e9ateur en herbe - WordPress<\/title>\n<meta name=\"robots\" content=\"index, follow, max-snippet:-1, max-image-preview:large, max-video-preview:-1\" \/>\n<link rel=\"canonical\" href=\"http:\/\/prettypalma.fr\/index.php\/produit\/createur-en-herbe\/\" \/>\n<meta property=\"og:locale\" content=\"en_US\" \/>\n<meta property=\"og:type\" content=\"article\" \/>\n<meta property=\"og:title\" content=\"Cr\u00e9ateur en herbe - WordPress\" \/>\n<meta property=\"og:description\" content=\"Abonnement 1 mois\" \/>\n<meta property=\"og:url\" content=\"http:\/\/prettypalma.fr\/index.php\/produit\/createur-en-herbe\/\" \/>\n<meta property=\"og:site_name\" content=\"WordPress\" \/>\n<meta property=\"article:modified_time\" content=\"2023-02-08T19:52:38+00:00\" \/>\n<meta name=\"twitter:card\" content=\"summary_large_image\" \/>\n<meta name=\"twitter:label1\" content=\"Est. reading time\" \/>\n\t<meta name=\"twitter:data1\" content=\"1 minute\" \/>\n<script type=\"application\/ld+json\" class=\"yoast-schema-graph\">{\"@context\":\"https:\\\/\\\/schema.org\",\"@graph\":[{\"@type\":\"WebPage\",\"@id\":\"http:\\\/\\\/prettypalma.fr\\\/index.php\\\/produit\\\/createur-en-herbe\\\/\",\"url\":\"http:\\\/\\\/prettypalma.fr\\\/index.php\\\/produit\\\/createur-en-herbe\\\/\",\"name\":\"Cr\u00e9ateur en herbe - WordPress\",\"isPartOf\":{\"@id\":\"https:\\\/\\\/prettypalma.fr\\\/#website\"},\"datePublished\":\"2023-02-08T19:52:37+00:00\",\"dateModified\":\"2023-02-08T19:52:38+00:00\",\"breadcrumb\":{\"@id\":\"http:\\\/\\\/prettypalma.fr\\\/index.php\\\/produit\\\/createur-en-herbe\\\/#breadcrumb\"},\"inLanguage\":\"en-US\",\"potentialAction\":[{\"@type\":\"ReadAction\",\"target\":[\"http:\\\/\\\/prettypalma.fr\\\/index.php\\\/produit\\\/createur-en-herbe\\\/\"]}]},{\"@type\":\"BreadcrumbList\",\"@id\":\"http:\\\/\\\/prettypalma.fr\\\/index.php\\\/produit\\\/createur-en-herbe\\\/#breadcrumb\",\"itemListElement\":[{\"@type\":\"ListItem\",\"position\":1,\"name\":\"Accueil\",\"item\":\"https:\\\/\\\/prettypalma.fr\\\/\"},{\"@type\":\"ListItem\",\"position\":2,\"name\":\"Boutique\",\"item\":\"http:\\\/\\\/prettypalma.fr\\\/index.php\\\/boutique\\\/\"},{\"@type\":\"ListItem\",\"position\":3,\"name\":\"Cr\u00e9ateur en herbe\"}]},{\"@type\":\"WebSite\",\"@id\":\"https:\\\/\\\/prettypalma.fr\\\/#website\",\"url\":\"https:\\\/\\\/prettypalma.fr\\\/\",\"name\":\"WordPress\",\"description\":\"Un site utilisant WordPress\",\"potentialAction\":[{\"@type\":\"SearchAction\",\"target\":{\"@type\":\"EntryPoint\",\"urlTemplate\":\"https:\\\/\\\/prettypalma.fr\\\/?s={search_term_string}\"},\"query-input\":{\"@type\":\"PropertyValueSpecification\",\"valueRequired\":true,\"valueName\":\"search_term_string\"}}],\"inLanguage\":\"en-US\"}]}<\/script>\n<!-- \/ Yoast SEO plugin. -->","yoast_head_json":{"title":"Cr\u00e9ateur en herbe - WordPress","robots":{"index":"index","follow":"follow","max-snippet":"max-snippet:-1","max-image-preview":"max-image-preview:large","max-video-preview":"max-video-preview:-1"},"canonical":"http:\/\/prettypalma.fr\/index.php\/produit\/createur-en-herbe\/","og_locale":"en_US","og_type":"article","og_title":"Cr\u00e9ateur en herbe - WordPress","og_description":"Abonnement 1 mois","og_url":"http:\/\/prettypalma.fr\/index.php\/produit\/createur-en-herbe\/","og_site_name":"WordPress","article_modified_time":"2023-02-08T19:52:38+00:00","twitter_card":"summary_large_image","twitter_misc":{"Est. reading time":"1 minute"},"schema":{"@context":"https:\/\/schema.org","@graph":[{"@type":"WebPage","@id":"http:\/\/prettypalma.fr\/index.php\/produit\/createur-en-herbe\/","url":"http:\/\/prettypalma.fr\/index.php\/produit\/createur-en-herbe\/","name":"Cr\u00e9ateur en herbe - WordPress","isPartOf":{"@id":"https:\/\/prettypalma.fr\/#website"},"datePublished":"2023-02-08T19:52:37+00:00","dateModified":"2023-02-08T19:52:38+00:00","breadcrumb":{"@id":"http:\/\/prettypalma.fr\/index.php\/produit\/createur-en-herbe\/#breadcrumb"},"inLanguage":"en-US","potentialAction":[{"@type":"ReadAction","target":["http:\/\/prettypalma.fr\/index.php\/produit\/createur-en-herbe\/"]}]},{"@type":"BreadcrumbList","@id":"http:\/\/prettypalma.fr\/index.php\/produit\/createur-en-herbe\/#breadcrumb","itemListElement":[{"@type":"ListItem","position":1,"name":"Accueil","item":"https:\/\/prettypalma.fr\/"},{"@type":"ListItem","position":2,"name":"Boutique","item":"http:\/\/prettypalma.fr\/index.php\/boutique\/"},{"@type":"ListItem","position":3,"name":"Cr\u00e9ateur en herbe"}]},{"@type":"WebSite","@id":"https:\/\/prettypalma.fr\/#website","url":"https:\/\/prettypalma.fr\/","name":"WordPress","description":"Un site utilisant WordPress","potentialAction":[{"@type":"SearchAction","target":{"@type":"EntryPoint","urlTemplate":"https:\/\/prettypalma.fr\/?s={search_term_string}"},"query-input":{"@type":"PropertyValueSpecification","valueRequired":true,"valueName":"search_term_string"}}],"inLanguage":"en-US"}]}},"_links":{"self":[{"href":"https:\/\/prettypalma.fr\/index.php\/wp-json\/wp\/v2\/product\/85","targetHints":{"allow":["GET"]}}],"collection":[{"href":"https:\/\/prettypalma.fr\/index.php\/wp-json\/wp\/v2\/product"}],"about":[{"href":"https:\/\/prettypalma.fr\/index.php\/wp-json\/wp\/v2\/types\/product"}],"replies":[{"embeddable":true,"href":"https:\/\/prettypalma.fr\/index.php\/wp-json\/wp\/v2\/comments?post=85"}],"wp:attachment":[{"href":"https:\/\/prettypalma.fr\/index.php\/wp-json\/wp\/v2\/media?parent=85"}],"wp:term":[{"taxonomy":"product_brand","embeddable":true,"href":"https:\/\/prettypalma.fr\/index.php\/wp-json\/wp\/v2\/product_brand?post=85"},{"taxonomy":"product_cat","embeddable":true,"href":"https:\/\/prettypalma.fr\/index.php\/wp-json\/wp\/v2\/product_cat?post=85"},{"taxonomy":"product_tag","embeddable":true,"href":"https:\/\/prettypalma.fr\/index.php\/wp-json\/wp\/v2\/product_tag?post=85"}],"curies":[{"name":"wp","href":"https:\/\/api.w.org\/{rel}","templated":true}]}}